{"id":4,"date":"2015-12-09T12:33:06","date_gmt":"2015-12-09T12:33:06","guid":{"rendered":"http:\/\/www.oneagencia.com.br\/one\/?page_id=4"},"modified":"2022-08-04T23:03:19","modified_gmt":"2022-08-04T23:03:19","slug":"one-agencia","status":"publish","type":"page","link":"https:\/\/www.oneagencia.com.br\/one\/one-agencia\/","title":{"rendered":"One Ag\u00eancia"},"content":{"rendered":"<p>[et_pb_section fb_built=&#8221;1&#8243; _builder_version=&#8221;4.17.6&#8243; _module_preset=&#8221;default&#8221; background_color=&#8221;#f9f9f9&#8243; custom_padding=&#8221;||81px|||&#8221; global_colors_info=&#8221;{}&#8221;][et_pb_row _builder_version=&#8221;4.17.6&#8243; _module_preset=&#8221;default&#8221; global_colors_info=&#8221;{}&#8221;][et_pb_column type=&#8221;4_4&#8243; _builder_version=&#8221;4.17.6&#8243; _module_preset=&#8221;default&#8221; global_colors_info=&#8221;{}&#8221;][et_pb_text _builder_version=&#8221;4.17.6&#8243; _module_preset=&#8221;default&#8221; text_text_color=&#8221;#82008f&#8221; text_font_size=&#8221;16px&#8221; text_line_height=&#8221;1.6em&#8221; header_3_font=&#8221;Archivo Narrow|600|||||||&#8221; header_3_text_align=&#8221;center&#8221; header_3_text_color=&#8221;#82008f&#8221; header_3_font_size=&#8221;46px&#8221; text_orientation=&#8221;right&#8221; custom_margin=&#8221;||-2px|||&#8221; custom_padding=&#8221;||||false|false&#8221; global_colors_info=&#8221;{}&#8221;]<\/p>\n<div class=\"entry-content\">\n<h3>Nossa Hist\u00f3ria<\/h3>\n<\/div>\n<p>[\/et_pb_text][\/et_pb_column][\/et_pb_row][et_pb_row column_structure=&#8221;3_5,2_5&#8243; _builder_version=&#8221;4.17.6&#8243; _module_preset=&#8221;default&#8221; custom_padding=&#8221;||44px|||&#8221; global_colors_info=&#8221;{}&#8221;][et_pb_column type=&#8221;3_5&#8243; _builder_version=&#8221;4.17.6&#8243; _module_preset=&#8221;default&#8221; global_colors_info=&#8221;{}&#8221;][et_pb_text _builder_version=&#8221;4.17.6&#8243; _module_preset=&#8221;default&#8221; text_text_color=&#8221;#82008f&#8221; text_font_size=&#8221;16px&#8221; text_line_height=&#8221;1.6em&#8221; header_3_font=&#8221;Archivo Narrow|600||on|||||&#8221; header_3_text_color=&#8221;#82008f&#8221; header_3_font_size=&#8221;26px&#8221; text_orientation=&#8221;right&#8221; custom_margin=&#8221;||17px|||&#8221; custom_padding=&#8221;61px|||||&#8221; global_colors_info=&#8221;{}&#8221;]<\/p>\n<div class=\"entry-content\">\n<h3>Nascemos da experi\u00eancia!<\/h3>\n<p>Exato, a vis\u00e3o de criar a One Ag\u00eancia surgiu\u00a0 de Carlo Cremonese que atuava no setor h\u00e1 quase uma d\u00e9cada antes de se lan\u00e7ar em uma empreitada solo. E nasceu em grande estilo, com bons clientes e envolvida em grandes projetos.<br \/>Durante seus 10 anos de exist\u00eancia, a One Ag\u00eancia promoveu marcas de renome, participou de campanhas locais e nacionais, e atendeu aos clientes mais exigentes, construindo uma reputa\u00e7\u00e3o de ser flex\u00edvel \u00e0s possibilidades de seus clientes, de se adaptar \u00e0s necessidades e adversidades das situa\u00e7\u00f5es, de ser comprometida com as entregas e transparente em seus or\u00e7amentos. E, se isso n\u00e3o bastasse, pela capacidade de surpreender com inova\u00e7\u00f5es e detalhes inesperados.<\/p>\n<\/div>\n<p>[\/et_pb_text][\/et_pb_column][et_pb_column type=&#8221;2_5&#8243; _builder_version=&#8221;4.17.6&#8243; _module_preset=&#8221;default&#8221; global_colors_info=&#8221;{}&#8221;][et_pb_image src=&#8221;https:\/\/www.oneagencia.com.br\/one\/wp-content\/uploads\/2015\/12\/acoes-promocionais.png&#8221; title_text=&#8221;acoes-promocionais&#8221; align_tablet=&#8221;center&#8221; align_phone=&#8221;center&#8221; align_last_edited=&#8221;on|phone&#8221; _builder_version=&#8221;4.17.6&#8243; _module_preset=&#8221;default&#8221; global_colors_info=&#8221;{}&#8221;][\/et_pb_image][\/et_pb_column][\/et_pb_row][et_pb_row column_structure=&#8221;2_5,3_5&#8243; _builder_version=&#8221;4.17.6&#8243; _module_preset=&#8221;default&#8221; global_colors_info=&#8221;{}&#8221;][et_pb_column type=&#8221;2_5&#8243; disabled_on=&#8221;on|on|off&#8221; _builder_version=&#8221;4.17.6&#8243; _module_preset=&#8221;default&#8221; global_colors_info=&#8221;{}&#8221;][et_pb_image src=&#8221;https:\/\/www.oneagencia.com.br\/one\/wp-content\/uploads\/2015\/12\/campanha.png&#8221; title_text=&#8221;campanha&#8221; _builder_version=&#8221;4.17.6&#8243; _module_preset=&#8221;default&#8221; global_colors_info=&#8221;{}&#8221;][\/et_pb_image][\/et_pb_column][et_pb_column type=&#8221;3_5&#8243; _builder_version=&#8221;4.17.6&#8243; _module_preset=&#8221;default&#8221; global_colors_info=&#8221;{}&#8221;][et_pb_text _builder_version=&#8221;4.17.6&#8243; _module_preset=&#8221;default&#8221; text_text_color=&#8221;#82008f&#8221; text_font_size=&#8221;16px&#8221; text_line_height=&#8221;1.6em&#8221; header_3_font=&#8221;Archivo Narrow|600||on|||||&#8221; header_3_text_color=&#8221;#82008f&#8221; header_3_font_size=&#8221;26px&#8221; custom_margin=&#8221;80px||17px|||&#8221; global_colors_info=&#8221;{}&#8221;]<\/p>\n<div class=\"entry-content\">\n<h3>produzimos cases de sucesso<\/h3>\n<p>A One Ag\u00eancia atendeu a todas as grandes marcas de cigarros, como a Phillip Morris, a Sousa Cruz e a JTI, as operadoras de telefonia como a Vivo, Claro, TIM e Oi e participou com seus clientes em todas as edi\u00e7\u00f5es do Festival de Gramado, da Oktoberfest, da Expointer e do Planeta Atl\u00e2ntida.<\/p>\n<p>Para quem j\u00e1 foi em algum dessas, com certeza conheceu algumas das a\u00e7\u00f5es desenvolvidas pela One Ag\u00eancia. E quem n\u00e3o se lembra da Casa da Ipiranga ou da Casa da RBS na Expointer? Ou quem n\u00e3o ouviu falar dos Cal\u00e7ados Paqueta, ou da Expo AGAS?<\/p>\n<\/div>\n<p>[\/et_pb_text][\/et_pb_column][\/et_pb_row][et_pb_row _builder_version=&#8221;4.17.6&#8243; _module_preset=&#8221;default&#8221; hover_enabled=&#8221;0&#8243; global_colors_info=&#8221;{}&#8221; disabled_on=&#8221;off|off|on&#8221; sticky_enabled=&#8221;0&#8243;][et_pb_column type=&#8221;4_4&#8243; disabled_on=&#8221;off|off|off&#8221; _builder_version=&#8221;4.17.6&#8243; _module_preset=&#8221;default&#8221; hover_enabled=&#8221;0&#8243; global_colors_info=&#8221;{}&#8221; sticky_enabled=&#8221;0&#8243;][et_pb_image src=&#8221;https:\/\/www.oneagencia.com.br\/one\/wp-content\/uploads\/2015\/12\/campanha.png&#8221; title_text=&#8221;campanha&#8221; align_tablet=&#8221;center&#8221; align_phone=&#8221;center&#8221; align_last_edited=&#8221;on|tablet&#8221; _builder_version=&#8221;4.17.6&#8243; _module_preset=&#8221;default&#8221; global_colors_info=&#8221;{}&#8221;][\/et_pb_image][\/et_pb_column][\/et_pb_row][et_pb_row column_structure=&#8221;3_5,2_5&#8243; _builder_version=&#8221;4.17.6&#8243; _module_preset=&#8221;default&#8221; custom_padding=&#8221;||44px|||&#8221; global_colors_info=&#8221;{}&#8221;][et_pb_column type=&#8221;3_5&#8243; _builder_version=&#8221;4.17.6&#8243; _module_preset=&#8221;default&#8221; global_colors_info=&#8221;{}&#8221;][et_pb_text _builder_version=&#8221;4.17.6&#8243; _module_preset=&#8221;default&#8221; text_text_color=&#8221;#82008f&#8221; text_font_size=&#8221;16px&#8221; text_line_height=&#8221;1.6em&#8221; header_3_font=&#8221;Archivo Narrow|600||on|||||&#8221; header_3_text_color=&#8221;#82008f&#8221; header_3_font_size=&#8221;26px&#8221; text_orientation=&#8221;right&#8221; custom_margin=&#8221;||17px|||&#8221; custom_padding=&#8221;93px|||||&#8221; global_colors_info=&#8221;{}&#8221;]<\/p>\n<div class=\"entry-content\">\n<h3>vamos promover sua empresa!<\/h3>\n<p>A One Ag\u00eancia est\u00e1 acostumada com desafios e gosta de surpreender positivamente seus clientes.<\/p>\n<p>Se voc\u00ea procura por uma empresa que pode superar suas expectativas, voc\u00ea est\u00e1 no lugar certo. Conte conosco para promover sua marca e seus produtos.<\/p>\n<\/div>\n<p>[\/et_pb_text][\/et_pb_column][et_pb_column type=&#8221;2_5&#8243; _builder_version=&#8221;4.17.6&#8243; _module_preset=&#8221;default&#8221; global_colors_info=&#8221;{}&#8221;][et_pb_image src=&#8221;https:\/\/www.oneagencia.com.br\/one\/wp-content\/uploads\/2015\/12\/desfiles.png&#8221; title_text=&#8221;desfiles&#8221; align_tablet=&#8221;center&#8221; align_phone=&#8221;center&#8221; align_last_edited=&#8221;on|phone&#8221; _builder_version=&#8221;4.17.6&#8243; _module_preset=&#8221;default&#8221; global_colors_info=&#8221;{}&#8221;][\/et_pb_image][\/et_pb_column][\/et_pb_row][\/et_pb_section][et_pb_section fb_built=&#8221;1&#8243; _builder_version=&#8221;4.17.6&#8243; _module_preset=&#8221;default&#8221; background_color=&#8221;#6d0072&#8243; custom_padding=&#8221;69px||70px|||&#8221; global_colors_info=&#8221;{}&#8221;][et_pb_row custom_padding_last_edited=&#8221;on|phone&#8221; _builder_version=&#8221;4.17.6&#8243; _module_preset=&#8221;default&#8221; custom_padding=&#8221;||2px|||&#8221; custom_padding_tablet=&#8221;||60px||false|false&#8221; custom_padding_phone=&#8221;||60px||false|false&#8221; global_colors_info=&#8221;{}&#8221;][et_pb_column type=&#8221;4_4&#8243; _builder_version=&#8221;4.17.6&#8243; _module_preset=&#8221;default&#8221; global_colors_info=&#8221;{}&#8221;][et_pb_text _builder_version=&#8221;4.17.6&#8243; _module_preset=&#8221;default&#8221; text_font=&#8221;Archivo Narrow|700|||||||&#8221; text_text_color=&#8221;#ffffff&#8221; text_font_size=&#8221;32px&#8221; text_line_height=&#8221;1.3em&#8221; text_orientation=&#8221;center&#8221; custom_margin=&#8221;||15px|||&#8221; global_colors_info=&#8221;{}&#8221;]<\/p>\n<p>Porque contrar a One Ag\u00eancia?<\/p>\n<p>[\/et_pb_text][et_pb_text _builder_version=&#8221;4.17.6&#8243; _module_preset=&#8221;default&#8221; text_text_color=&#8221;#FFFFFF&#8221; text_font_size=&#8221;16px&#8221; text_orientation=&#8221;center&#8221; custom_margin=&#8221;||4px|||&#8221; global_colors_info=&#8221;{}&#8221;]<\/p>\n<p>Prepare-se para um servi\u00e7o 5 estrelas., vamos surpreender seus clientes e lhe entregar o que voc\u00ea precisa.<\/p>\n<p>[\/et_pb_text][\/et_pb_column][\/et_pb_row][et_pb_row column_structure=&#8221;1_5,1_5,1_5,1_5,1_5&#8243; use_custom_gutter=&#8221;on&#8221; gutter_width=&#8221;2&#8243; _builder_version=&#8221;4.17.6&#8243; _module_preset=&#8221;default&#8221; max_width=&#8221;1200px&#8221; custom_margin=&#8221;0px||||false|false&#8221; custom_padding=&#8221;0px||30px||false|false&#8221; global_colors_info=&#8221;{}&#8221;][et_pb_column type=&#8221;1_5&#8243; _builder_version=&#8221;4.17.6&#8243; _module_preset=&#8221;default&#8221; link_option_url=&#8221;https:\/\/www.oneagencia.com.br\/one\/festas\/&#8221; global_colors_info=&#8221;{}&#8221;][et_pb_blurb title=&#8221;Flexibilidade&#8221; use_icon=&#8221;on&#8221; font_icon=&#8221;&#xe033;||divi||400&#8243; icon_color=&#8221;#FFFFFF&#8221; image_icon_background_color=&#8221;RGBA(255,255,255,0)&#8221; image_icon_width=&#8221;50px&#8221; _builder_version=&#8221;4.17.6&#8243; _module_preset=&#8221;default&#8221; header_font=&#8221;Archivo Narrow|700||on|||||&#8221; header_text_align=&#8221;center&#8221; header_text_color=&#8221;#FFFFFF&#8221; header_font_size=&#8221;22px&#8221; body_text_align=&#8221;center&#8221; body_text_color=&#8221;#FFFFFF&#8221; body_font_size=&#8221;16px&#8221; global_colors_info=&#8221;{}&#8221;]<\/p>\n<p>Nos ajustamos \u00e0s necessidades e \u00e0s possibilidades financeiras de nossos clientes, sem abrir m\u00e3o da qualidade.<\/p>\n<p>[\/et_pb_blurb][\/et_pb_column][et_pb_column type=&#8221;1_5&#8243; _builder_version=&#8221;4.17.6&#8243; _module_preset=&#8221;default&#8221; link_option_url=&#8221;https:\/\/www.oneagencia.com.br\/one\/campanhas\/&#8221; global_colors_info=&#8221;{}&#8221;][et_pb_blurb title=&#8221;Adaptabilidade&#8221; use_icon=&#8221;on&#8221; font_icon=&#8221;&#xe033;||divi||400&#8243; icon_color=&#8221;#FFFFFF&#8221; image_icon_background_color=&#8221;RGBA(255,255,255,0)&#8221; image_icon_width=&#8221;50px&#8221; _builder_version=&#8221;4.17.6&#8243; _module_preset=&#8221;default&#8221; header_font=&#8221;Archivo Narrow|700||on|||||&#8221; header_text_align=&#8221;center&#8221; header_text_color=&#8221;#FFFFFF&#8221; header_font_size=&#8221;22px&#8221; body_text_align=&#8221;center&#8221; body_text_color=&#8221;#FFFFFF&#8221; body_font_size=&#8221;16px&#8221; custom_padding=&#8221;80px||||false|false&#8221; custom_padding_tablet=&#8221;0px||||false|false&#8221; custom_padding_phone=&#8221;0px||||false|false&#8221; custom_padding_last_edited=&#8221;on|phone&#8221; global_colors_info=&#8221;{}&#8221;]<\/p>\n<p>Lidamos bem com as adversidades e conseguimos nos adaptar a mudan\u00e7as inesperadas t\u00edpicas de qualquer grande a\u00e7\u00e3o ou evento.<\/p>\n<p>[\/et_pb_blurb][\/et_pb_column][et_pb_column type=&#8221;1_5&#8243; _builder_version=&#8221;4.17.6&#8243; _module_preset=&#8221;default&#8221; link_option_url=&#8221;https:\/\/www.oneagencia.com.br\/one\/campanhas\/&#8221; global_colors_info=&#8221;{}&#8221;][et_pb_blurb title=&#8221;Comprometimento&#8221; use_icon=&#8221;on&#8221; font_icon=&#8221;&#xe033;||divi||400&#8243; icon_color=&#8221;#FFFFFF&#8221; image_icon_background_color=&#8221;RGBA(255,255,255,0)&#8221; image_icon_width=&#8221;50px&#8221; _builder_version=&#8221;4.17.6&#8243; _module_preset=&#8221;default&#8221; header_font=&#8221;Archivo Narrow|700||on|||||&#8221; header_text_align=&#8221;center&#8221; header_text_color=&#8221;#FFFFFF&#8221; header_font_size=&#8221;22px&#8221; body_text_align=&#8221;center&#8221; body_text_color=&#8221;#FFFFFF&#8221; body_font_size=&#8221;16px&#8221; custom_padding=&#8221;120px||||false|false&#8221; custom_padding_tablet=&#8221;0px||||false|false&#8221; custom_padding_phone=&#8221;0px||||false|false&#8221; custom_padding_last_edited=&#8221;on|phone&#8221; global_colors_info=&#8221;{}&#8221;]<\/p>\n<p>Somos os primeiros a chegar e os \u00faltimos a sair. Queremos que tudo corra conforme o planejado e nos desdobramos para entregar o que foi combinado.<\/p>\n<p>[\/et_pb_blurb][\/et_pb_column][et_pb_column type=&#8221;1_5&#8243; _builder_version=&#8221;4.17.6&#8243; _module_preset=&#8221;default&#8221; link_option_url=&#8221;https:\/\/www.oneagencia.com.br\/one\/campanhas\/&#8221; global_colors_info=&#8221;{}&#8221;][et_pb_blurb title=&#8221;Transpar\u00eancia&#8221; use_icon=&#8221;on&#8221; font_icon=&#8221;&#xe033;||divi||400&#8243; icon_color=&#8221;#FFFFFF&#8221; image_icon_background_color=&#8221;RGBA(255,255,255,0)&#8221; image_icon_width=&#8221;50px&#8221; _builder_version=&#8221;4.17.6&#8243; _module_preset=&#8221;default&#8221; header_font=&#8221;Archivo Narrow|700||on|||||&#8221; header_text_align=&#8221;center&#8221; header_text_color=&#8221;#FFFFFF&#8221; header_font_size=&#8221;22px&#8221; body_text_align=&#8221;center&#8221; body_text_color=&#8221;#FFFFFF&#8221; body_font_size=&#8221;16px&#8221; custom_padding=&#8221;80px||||false|false&#8221; custom_padding_tablet=&#8221;0px||||false|false&#8221; custom_padding_phone=&#8221;0px||||false|false&#8221; custom_padding_last_edited=&#8221;on|phone&#8221; global_colors_info=&#8221;{}&#8221;]<\/p>\n<p>Cultivamos relacionamentos e valorizamos a confian\u00e7a. Nossos or\u00e7amentos s\u00e3o transparentes, sem surpresas, nem mal-entendidos.<\/p>\n<p>[\/et_pb_blurb][\/et_pb_column][et_pb_column type=&#8221;1_5&#8243; _builder_version=&#8221;4.17.6&#8243; _module_preset=&#8221;default&#8221; link_option_url=&#8221;https:\/\/www.oneagencia.com.br\/one\/campanhas\/&#8221; global_colors_info=&#8221;{}&#8221;][et_pb_blurb title=&#8221;Inova\u00e7\u00e3o&#8221; use_icon=&#8221;on&#8221; font_icon=&#8221;&#xe033;||divi||400&#8243; icon_color=&#8221;#FFFFFF&#8221; image_icon_background_color=&#8221;RGBA(255,255,255,0)&#8221; image_icon_width=&#8221;50px&#8221; _builder_version=&#8221;4.17.6&#8243; _module_preset=&#8221;default&#8221; header_font=&#8221;Archivo Narrow|700||on|||||&#8221; header_text_align=&#8221;center&#8221; header_text_color=&#8221;#FFFFFF&#8221; header_font_size=&#8221;22px&#8221; body_text_align=&#8221;center&#8221; body_text_color=&#8221;#FFFFFF&#8221; body_font_size=&#8221;16px&#8221; global_colors_info=&#8221;{}&#8221;]<\/p>\n<p>Buscamos o \u00f3timo e sempre damos um toque especial em tudo o que fazemos, pois entendemos que nossos clientes merecem mais.<\/p>\n<p>[\/et_pb_blurb][\/et_pb_column][\/et_pb_row][\/et_pb_section]<\/p>\n","protected":false},"excerpt":{"rendered":"<p>Nossa Hist\u00f3ria Nascemos da experi\u00eancia! Exato, a vis\u00e3o de criar a One Ag\u00eancia surgiu\u00a0 de Carlo Cremonese que atuava no setor h\u00e1 quase uma d\u00e9cada antes de se lan\u00e7ar em uma empreitada solo. E nasceu em grande estilo, com bons clientes e envolvida em grandes projetos.Durante seus 10 anos de exist\u00eancia, a One Ag\u00eancia promoveu [&hellip;]<\/p>\n","protected":false},"author":1,"featured_media":0,"parent":0,"menu_order":0,"comment_status":"closed","ping_status":"closed","template":"","meta":{"_et_pb_use_builder":"on","_et_pb_old_content":"<h1 style=\"font-weight: 400;\">NOSSA HIST\u00d3RIA<\/h1>\r\nA One Ag\u00eancia j\u00e1 nasceu com experi\u00eancia. Exato, nasceu da experi\u00eancia e da vis\u00e3o de Carlo Cremonese que atuava no setor h\u00e1 quase uma d\u00e9cada antes de se lan\u00e7ar em uma empreitada solo. E nasceu em grande estilo, com bons clientes e envolvida em grandes projetos.\r\n\r\nDurante seus 10 anos de exist\u00eancia, a One Ag\u00eancia promoveu marcas de renome, participou de campanhas locais e nacionais, e atendeu aos clientes mais exigentes, construindo uma reputa\u00e7\u00e3o de ser flex\u00edvel \u00e0s possibilidades de seus clientes, de se adaptar \u00e0s necessidades e adversidades das situa\u00e7\u00f5es, de ser comprometida com as entregas e transparente em seus or\u00e7amentos. E, se isso n\u00e3o bastasse, pela capacidade de surpreender com inova\u00e7\u00f5es e detalhes inesperados.\r\n\r\nA One Ag\u00eancia atendeu a todas as grandes marcas de cigarros, como a Phillip Morris, a Sousa Cruz e a JTI, as operadoras de telefonia como a Vivo, Claro, TIM e Oi e participou com seus clientes em todas as edi\u00e7\u00f5es do Festival de Gramado, da Oktoberfest, da Expointer e do Planeta Atl\u00e2ntida.\r\n\r\nPara quem j\u00e1 foi em algum dessas, com certeza conheceu algumas das a\u00e7\u00f5es desenvolvidas pela One Ag\u00eancia. E quem n\u00e3o se lembra da Casa da Ipiranga ou da Casa da RBS na Expointer? Ou quem n\u00e3o ouviu falar dos Cal\u00e7ados Paqueta, ou da Expo AGAS?\r\n\r\nA One Ag\u00eancia est\u00e1 acostumada com desafios e gosta de surpreender positivamente seus clientes.\r\n\r\nSe voc\u00ea procura por uma empresa que pode superar suas expectativas, voc\u00ea est\u00e1 no lugar certo. Conte conosco para promover sua marca e seus produtos.\r\n\r\n&nbsp;\r\n<h1 style=\"font-weight: 400;\">POR QUE CONTRATAR A ONE AG\u00caNCIA?<\/h1>\r\nA One Ag\u00eancia possui grande experi\u00eancia, vai surpreender seus clientes e lhe entregar o que voc\u00ea precisa.\r\n<h2 style=\"font-weight: 400;\"><img class=\"alignnone size-full wp-image-386\" style=\"margin-bottom: -5px;\" src=\"http:\/\/www.oneagencia.com.br\/one\/wp-content\/uploads\/2016\/02\/menu-teste2.png\" alt=\"menu-teste2\" width=\"32\" height=\"32\" \/>\u00a0Flexibilidade<\/h2>\r\nNos ajustamos \u00e0s necessidades e \u00e0s possibilidades financeiras de nossos clientes, sem abrir m\u00e3o da qualidade.\r\n<h2 style=\"font-weight: 400;\"><img class=\"alignnone size-full wp-image-386\" style=\"margin-bottom: -5px;\" src=\"http:\/\/www.oneagencia.com.br\/one\/wp-content\/uploads\/2016\/02\/menu-teste2.png\" alt=\"menu-teste2\" width=\"32\" height=\"32\" \/> Adaptabilidade<\/h2>\r\nLidamos bem com as adversidades e conseguimos nos adaptar a mudan\u00e7as inesperadas t\u00edpicas de qualquer grande a\u00e7\u00e3o ou evento.\r\n<h2 style=\"font-weight: 400;\"><img class=\"alignnone size-full wp-image-386\" style=\"margin-bottom: -5px;\" src=\"http:\/\/www.oneagencia.com.br\/one\/wp-content\/uploads\/2016\/02\/menu-teste2.png\" alt=\"menu-teste2\" width=\"32\" height=\"32\" \/> Comprometimento<\/h2>\r\nSomos os primeiros a chegar e os \u00faltimos a sair. Queremos que tudo corra conforme o planejado e nos desdobramos para entregar o que foi combinado.\r\n<h2 style=\"font-weight: 400;\"><img class=\"alignnone size-full wp-image-386\" style=\"margin-bottom: -5px;\" src=\"http:\/\/www.oneagencia.com.br\/one\/wp-content\/uploads\/2016\/02\/menu-teste2.png\" alt=\"menu-teste2\" width=\"32\" height=\"32\" \/> Transpar\u00eancia<\/h2>\r\nCultivamos relacionamentos e valorizamos a confian\u00e7a. Nossos or\u00e7amentos s\u00e3o transparentes, sem surpresas, nem mal-entendidos.\r\n<h2 style=\"font-weight: 400;\"><img class=\"alignnone size-full wp-image-386\" style=\"margin-bottom: -5px;\" src=\"http:\/\/www.oneagencia.com.br\/one\/wp-content\/uploads\/2016\/02\/menu-teste2.png\" alt=\"menu-teste2\" width=\"32\" height=\"32\" \/> Inova\u00e7\u00e3o<\/h2>\r\nBuscamos o \u00f3timo e sempre damos um toque especial em tudo o que fazemos, pois entendemos que nossos clientes merecem mais.\r\n\r\n&nbsp;","_et_gb_content_width":"","footnotes":""},"class_list":["post-4","page","type-page","status-publish","hentry"],"_links":{"self":[{"href":"https:\/\/www.oneagencia.com.br\/one\/wp-json\/wp\/v2\/pages\/4","targetHints":{"allow":["GET"]}}],"collection":[{"href":"https:\/\/www.oneagencia.com.br\/one\/wp-json\/wp\/v2\/pages"}],"about":[{"href":"https:\/\/www.oneagencia.com.br\/one\/wp-json\/wp\/v2\/types\/page"}],"author":[{"embeddable":true,"href":"https:\/\/www.oneagencia.com.br\/one\/wp-json\/wp\/v2\/users\/1"}],"replies":[{"embeddable":true,"href":"https:\/\/www.oneagencia.com.br\/one\/wp-json\/wp\/v2\/comments?post=4"}],"version-history":[{"count":14,"href":"https:\/\/www.oneagencia.com.br\/one\/wp-json\/wp\/v2\/pages\/4\/revisions"}],"predecessor-version":[{"id":636,"href":"https:\/\/www.oneagencia.com.br\/one\/wp-json\/wp\/v2\/pages\/4\/revisions\/636"}],"wp:attachment":[{"href":"https:\/\/www.oneagencia.com.br\/one\/wp-json\/wp\/v2\/media?parent=4"}],"curies":[{"name":"wp","href":"https:\/\/api.w.org\/{rel}","templated":true}]}}