{"id":6,"date":"2015-12-09T12:33:46","date_gmt":"2015-12-09T12:33:46","guid":{"rendered":"http:\/\/www.oneagencia.com.br\/one\/?page_id=6"},"modified":"2022-08-05T00:06:25","modified_gmt":"2022-08-05T00:06:25","slug":"depoimentos","status":"publish","type":"page","link":"https:\/\/www.oneagencia.com.br\/one\/depoimentos\/","title":{"rendered":"Depoimentos"},"content":{"rendered":"<p>[et_pb_section fb_built=&#8221;1&#8243; _builder_version=&#8221;4.17.6&#8243; _module_preset=&#8221;default&#8221; background_color=&#8221;#f9f9f9&#8243; global_colors_info=&#8221;{}&#8221; theme_builder_area=&#8221;post_content&#8221; custom_padding=&#8221;||44px|||&#8221;][et_pb_row _builder_version=&#8221;4.17.6&#8243; _module_preset=&#8221;default&#8221; global_colors_info=&#8221;{}&#8221; theme_builder_area=&#8221;post_content&#8221;][et_pb_column type=&#8221;4_4&#8243; _builder_version=&#8221;4.17.6&#8243; _module_preset=&#8221;default&#8221; global_colors_info=&#8221;{}&#8221; theme_builder_area=&#8221;post_content&#8221;][et_pb_post_title meta=&#8221;off&#8221; featured_image=&#8221;off&#8221; _builder_version=&#8221;4.17.6&#8243; _module_preset=&#8221;default&#8221; title_font=&#8221;Archivo Narrow|600|||||||&#8221; title_text_color=&#8221;#82008f&#8221; title_font_size=&#8221;32px&#8221; global_colors_info=&#8221;{}&#8221; theme_builder_area=&#8221;post_content&#8221;][\/et_pb_post_title][et_pb_text _builder_version=&#8221;4.17.6&#8243; _module_preset=&#8221;default&#8221; text_text_color=&#8221;#82008f&#8221; text_font_size=&#8221;16px&#8221; custom_margin=&#8221;||17px|||&#8221; hover_enabled=&#8221;0&#8243; global_colors_info=&#8221;{}&#8221; theme_builder_area=&#8221;post_content&#8221; sticky_enabled=&#8221;0&#8243;]<\/p>\n<p><span>O que dizem os clientes da One Ag\u00eancia!<\/span><br \/><span>Confira abaixo depoimentos de empresas que j\u00e1 adquiriram nossos servi\u00e7os.<\/span><\/p>\n<p>[\/et_pb_text][\/et_pb_column][\/et_pb_row][\/et_pb_section][et_pb_section fb_built=&#8221;1&#8243; _builder_version=&#8221;4.17.6&#8243; _module_preset=&#8221;default&#8221; background_color=&#8221;#6d0072&#8243; custom_padding=&#8221;69px|||||&#8221; global_colors_info=&#8221;{}&#8221; theme_builder_area=&#8221;post_content&#8221;][et_pb_row column_structure=&#8221;1_2,1_2&#8243; use_custom_gutter=&#8221;on&#8221; gutter_width=&#8221;2&#8243; _builder_version=&#8221;4.17.6&#8243; _module_preset=&#8221;default&#8221; custom_margin=&#8221;0px||||false|false&#8221; custom_padding=&#8221;0px||30px||false|false&#8221; global_colors_info=&#8221;{}&#8221; theme_builder_area=&#8221;post_content&#8221;][et_pb_column type=&#8221;1_2&#8243; _builder_version=&#8221;4.17.6&#8243; _module_preset=&#8221;default&#8221; link_option_url=&#8221;https:\/\/www.oneagencia.com.br\/one\/festas\/&#8221; global_colors_info=&#8221;{}&#8221; theme_builder_area=&#8221;post_content&#8221;][et_pb_testimonial author=&#8221;Ana Paula&#8221; job_title=&#8221;Philip Morris Brasil&#8221; company_name=&#8221;Mar\u00e7o de 2010 &#8221; portrait_url=&#8221;https:\/\/www.oneagencia.com.br\/one\/wp-content\/uploads\/2022\/08\/logo.png&#8221; _builder_version=&#8221;4.17.6&#8243; _module_preset=&#8221;default&#8221; body_text_color=&#8221;#6d0072&#8243; author_text_color=&#8221;#6d0072&#8243; position_text_color=&#8221;#6d0072&#8243; company_text_color=&#8221;#6d0072&#8243; background_color=&#8221;#f4f4f4&#8243; custom_margin=&#8221;||27px|||&#8221; global_colors_info=&#8221;{}&#8221; theme_builder_area=&#8221;post_content&#8221;]<\/p>\n<p><em><span>A One Ag\u00eancia sempre se esfor\u00e7a para atender as nossas demandas com a melhor qualidade poss\u00edvel e com custos adequados. Sempre prestativos e s\u00e9rios no seu trabalho, a One \u00e9 uma \u00f3tima parceira. Eu recomendo a ag\u00eancia para os clientes que desejam obter sucesso nas suas a\u00e7\u00f5es.<\/span><\/em><\/p>\n<p>[\/et_pb_testimonial][et_pb_testimonial author=&#8221;Ana Elisa Mello&#8221; job_title=&#8221;MCL \u2013 PROMO&#8221; portrait_url=&#8221;https:\/\/www.oneagencia.com.br\/one\/wp-content\/uploads\/2022\/08\/704386_389625211119457_1816529950_o.jpg&#8221; _builder_version=&#8221;4.17.6&#8243; _module_preset=&#8221;default&#8221; body_text_color=&#8221;#6d0072&#8243; author_text_color=&#8221;#6d0072&#8243; position_text_color=&#8221;#6d0072&#8243; company_text_color=&#8221;#6d0072&#8243; background_color=&#8221;#f4f4f4&#8243; custom_margin=&#8221;||27px|||&#8221; hover_enabled=&#8221;0&#8243; global_colors_info=&#8221;{}&#8221; theme_builder_area=&#8221;post_content&#8221; title_text=&#8221;704386_389625211119457_1816529950_o&#8221; sticky_enabled=&#8221;0&#8243;]<\/p>\n<p><em><span>A One Ag\u00eancia sempre se esfor\u00e7a para atender as nossas demandas com a melhor qualidade poss\u00edvel e com custos adequados. Sempre prestativos e s\u00e9rios no seu trabalho, a One \u00e9 uma \u00f3tima parceira. Eu recomendo a ag\u00eancia para os clientes que desejam obter sucesso nas suas a\u00e7\u00f5es.<\/span><\/em><\/p>\n<p>[\/et_pb_testimonial][et_pb_testimonial author=&#8221;Cadu Santos&#8221; job_title=&#8221;SUPER PRODU\u00c7\u00d5ES- Cordenador&#8221; _builder_version=&#8221;4.17.6&#8243; _module_preset=&#8221;default&#8221; body_text_color=&#8221;#6d0072&#8243; author_text_color=&#8221;#6d0072&#8243; position_text_color=&#8221;#6d0072&#8243; company_text_color=&#8221;#6d0072&#8243; background_color=&#8221;#f4f4f4&#8243; custom_margin=&#8221;||27px|||&#8221; hover_enabled=&#8221;0&#8243; global_colors_info=&#8221;{}&#8221; theme_builder_area=&#8221;post_content&#8221; sticky_enabled=&#8221;0&#8243;]<\/p>\n<p>Trabalho com a One desde o seu surgimento em 2009, e s\u00f3 tenho a agradecer pela agilidade e compet\u00eancia nos servi\u00e7os prestados. Mesmo solicitando servi\u00e7os de ultima hora ou at\u00e9 mesmo de madrugada, sempre fui bem atendido, como se tivesse solicitado os servi\u00e7os com folga no prazo.<\/p>\n<p>Sempre que me pedem indica\u00e7\u00e3o para realiza\u00e7\u00e3o de trabalhos no Sul, em especial em POA, indico sem medo a ONE.<\/p>\n<p>Casting, atendimento, servi\u00e7os e execu\u00e7\u00e3o dos trabalhos com excel\u00eancia.<\/p>\n<p>Obrigado por tudo e que continuemos nesta parceria por muito tempo ainda.<\/p>\n<p>[\/et_pb_testimonial][et_pb_testimonial author=&#8221;Alexandre Kang&#8221; job_title=&#8221;PHILIP MORRIS \u2013 Recursos Humanos&#8221; portrait_url=&#8221;https:\/\/www.oneagencia.com.br\/one\/wp-content\/uploads\/2022\/08\/logo.png&#8221; _builder_version=&#8221;4.17.6&#8243; _module_preset=&#8221;default&#8221; body_text_color=&#8221;#6d0072&#8243; author_text_color=&#8221;#6d0072&#8243; position_text_color=&#8221;#6d0072&#8243; company_text_color=&#8221;#6d0072&#8243; background_color=&#8221;#f4f4f4&#8243; custom_margin=&#8221;||27px|||&#8221; hover_enabled=&#8221;0&#8243; global_colors_info=&#8221;{}&#8221; theme_builder_area=&#8221;post_content&#8221; sticky_enabled=&#8221;0&#8243;]<\/p>\n<p>No geral achei o trabalho de voc\u00eas de \u00f3tima qualidade. A estrutura e equipe que nos foi disponibilizada, a entrega de praticamente tudo que foi solicitado por n\u00f3s, com qualidade e dentro do prazo. Tanto nas regionais em que estivemos presentes quanto nas que foram monitoradas pelo restante da ag\u00eancia, baseado no feedback do pessoal das regionais, o resultado foi muito bom.<\/p>\n<p>Realmente ficamos muito satisfeitos, superando nossa expectativa.<\/p>\n<p>[\/et_pb_testimonial][et_pb_testimonial author=&#8221;Alexandra B\u00e9llo Mendon\u00e7a&#8221; job_title=&#8221;Cordenadora de Marketing \u2013 Canal Rural\/Grupo RBS&#8221; portrait_url=&#8221;https:\/\/www.oneagencia.com.br\/one\/wp-content\/uploads\/2022\/08\/GRUPORBS_RGB_2CORES_POS-Converted.gif&#8221; _builder_version=&#8221;4.17.6&#8243; _module_preset=&#8221;default&#8221; body_text_color=&#8221;#6d0072&#8243; author_text_color=&#8221;#6d0072&#8243; position_text_color=&#8221;#6d0072&#8243; company_text_color=&#8221;#6d0072&#8243; background_color=&#8221;#f4f4f4&#8243; custom_margin=&#8221;||27px|||&#8221; hover_enabled=&#8221;0&#8243; global_colors_info=&#8221;{}&#8221; theme_builder_area=&#8221;post_content&#8221; title_text=&#8221;GRUPORBS_RGB_2CORES_POS-Converted&#8221; sticky_enabled=&#8221;0&#8243;]<\/p>\n<p>Acho que este ano foi o melhor de todos, sabe? Apesar da correria (minha, principalmente), senti que a equipe sabia mais ou menos tudo j\u00e1, super atenciosa, educada, conhecia as pessoas, o Diego foi \u00f3timo quando tu n\u00e3o estava, o outro menino tamb\u00e9m, fiquei muito satisfeita.<\/p>\n<p>Eu que agrade\u00e7o por todo o apoio e espero mais um ano juntos.<\/p>\n<p>[\/et_pb_testimonial][et_pb_testimonial author=&#8221;Meire Placa&#8221; job_title=&#8221;MCL \u2013 PROMO&#8221; portrait_url=&#8221;https:\/\/www.oneagencia.com.br\/one\/wp-content\/uploads\/2022\/08\/704386_389625211119457_1816529950_o.jpg&#8221; _builder_version=&#8221;4.17.6&#8243; _module_preset=&#8221;default&#8221; body_text_color=&#8221;#6d0072&#8243; author_text_color=&#8221;#6d0072&#8243; position_text_color=&#8221;#6d0072&#8243; company_text_color=&#8221;#6d0072&#8243; background_color=&#8221;#f4f4f4&#8243; custom_margin=&#8221;||27px|||&#8221; hover_enabled=&#8221;0&#8243; global_colors_info=&#8221;{}&#8221; theme_builder_area=&#8221;post_content&#8221; title_text=&#8221;704386_389625211119457_1816529950_o&#8221; sticky_enabled=&#8221;0&#8243;]<\/p>\n<p><span>Minha refer\u00eancia ai \u00e9 voc\u00ea\u2026Que sempre atendeu a MCL muito bem.<\/span><\/p>\n<p>[\/et_pb_testimonial][\/et_pb_column][et_pb_column type=&#8221;1_2&#8243; _builder_version=&#8221;4.17.6&#8243; _module_preset=&#8221;default&#8221; link_option_url=&#8221;https:\/\/www.oneagencia.com.br\/one\/campanhas\/&#8221; global_colors_info=&#8221;{}&#8221; theme_builder_area=&#8221;post_content&#8221;][et_pb_testimonial author=&#8221;Rafael Perillo&#8221; job_title=&#8221;Trade Marketing \u2013 Leisure Supervisor \u2013 Jti&#8221; _builder_version=&#8221;4.17.6&#8243; _module_preset=&#8221;default&#8221; body_text_color=&#8221;#6d0072&#8243; author_text_color=&#8221;#6d0072&#8243; position_text_color=&#8221;#6d0072&#8243; company_text_color=&#8221;#6d0072&#8243; background_color=&#8221;#f4f4f4&#8243; custom_margin=&#8221;||27px|||&#8221; hover_enabled=&#8221;0&#8243; global_colors_info=&#8221;{}&#8221; theme_builder_area=&#8221;post_content&#8221; sticky_enabled=&#8221;0&#8243;]<\/p>\n<p><em><span>A One Ag\u00eancia sempre se esfor\u00e7a para atender as nossas demandas com a melhor qualidade poss\u00edvel e com custos adequados. Sempre prestativos e s\u00e9rios no seu trabalho, a One \u00e9 uma \u00f3tima parceira. Eu recomendo a ag\u00eancia para os clientes que desejam obter sucesso nas suas a\u00e7\u00f5es.<\/span><\/em><\/p>\n<p>[\/et_pb_testimonial][et_pb_testimonial author=&#8221;Lilia Mariano&#8221; job_title=&#8221;MCL \u2013 PROMO&#8221; portrait_url=&#8221;https:\/\/www.oneagencia.com.br\/one\/wp-content\/uploads\/2022\/08\/704386_389625211119457_1816529950_o.jpg&#8221; _builder_version=&#8221;4.17.6&#8243; _module_preset=&#8221;default&#8221; body_text_color=&#8221;#6d0072&#8243; author_text_color=&#8221;#6d0072&#8243; position_text_color=&#8221;#6d0072&#8243; company_text_color=&#8221;#6d0072&#8243; background_color=&#8221;#f4f4f4&#8243; custom_margin=&#8221;||27px|||&#8221; hover_enabled=&#8221;0&#8243; global_colors_info=&#8221;{}&#8221; theme_builder_area=&#8221;post_content&#8221; title_text=&#8221;704386_389625211119457_1816529950_o&#8221; sticky_enabled=&#8221;0&#8243;]<\/p>\n<p><em><span>A One Ag\u00eancia sempre se esfor\u00e7a para atender as nossas demandas com a melhor qualidade poss\u00edvel e com custos adequados. Sempre prestativos e s\u00e9rios no seu trabalho, a One \u00e9 uma \u00f3tima parceira. Eu recomendo a ag\u00eancia para os clientes que desejam obter sucesso nas suas a\u00e7\u00f5es.<\/span><\/em><\/p>\n<p>[\/et_pb_testimonial][et_pb_testimonial author=&#8221;Samanta Tavares&#8221; job_title=&#8221;DRIMIO \u2013 Marketing&#8221; portrait_url=&#8221;https:\/\/www.oneagencia.com.br\/one\/wp-content\/uploads\/2022\/08\/246728_214467231908067_5716911_n.jpg&#8221; _builder_version=&#8221;4.17.6&#8243; _module_preset=&#8221;default&#8221; body_text_color=&#8221;#6d0072&#8243; author_text_color=&#8221;#6d0072&#8243; position_text_color=&#8221;#6d0072&#8243; company_text_color=&#8221;#6d0072&#8243; background_color=&#8221;#f4f4f4&#8243; custom_margin=&#8221;||27px|||&#8221; hover_enabled=&#8221;0&#8243; global_colors_info=&#8221;{}&#8221; theme_builder_area=&#8221;post_content&#8221; sticky_enabled=&#8221;0&#8243; title_text=&#8221;246728_214467231908067_5716911_n&#8221;]<\/p>\n<p><span>Que \u00f3timo! O atendimento foi excelente, j\u00e1 est\u00e3o na lista de meus fornecedores do RS.<\/span><\/p>\n<p>[\/et_pb_testimonial][et_pb_testimonial author=&#8221;Anna Luzia Gottschall&#8221; job_title=&#8221;PHILIP MORRIS \u2013 Recursos Humanos&#8221; portrait_url=&#8221;https:\/\/www.oneagencia.com.br\/one\/wp-content\/uploads\/2022\/08\/logo.png&#8221; _builder_version=&#8221;4.17.6&#8243; _module_preset=&#8221;default&#8221; body_text_color=&#8221;#6d0072&#8243; author_text_color=&#8221;#6d0072&#8243; position_text_color=&#8221;#6d0072&#8243; company_text_color=&#8221;#6d0072&#8243; background_color=&#8221;#f4f4f4&#8243; custom_margin=&#8221;||27px|||&#8221; hover_enabled=&#8221;0&#8243; global_colors_info=&#8221;{}&#8221; theme_builder_area=&#8221;post_content&#8221; sticky_enabled=&#8221;0&#8243;]<\/p>\n<p><span>\u2026 Gostaria de te agradecer pelo trabalho, fiquei muito satisfeita com a festa, assim como o Robson. A tua disponibilidade, preocupa\u00e7\u00e3o, cuidado e proatividade nos ajudaram muito. Ressalto os pontos positivos pois realmente fiquei muito satisfeita com o teu trabalho. Para o pr\u00f3ximo ano quero iniciar as prepara\u00e7\u00f5es mais cedo, esse \u00e9 um ponto que deve ser diferente, mas n\u00e3o impacta o trabalho que fizeste e sim o meu planejamento para iniciar os preparativos para a festa\u2026<\/span><\/p>\n<p>[\/et_pb_testimonial][et_pb_testimonial author=&#8221;Joice Trindade&#8221; job_title=&#8221;Grupo RBS \u2013 Diretora de Eventos&#8221; portrait_url=&#8221;https:\/\/www.oneagencia.com.br\/one\/wp-content\/uploads\/2022\/08\/GRUPORBS_RGB_2CORES_POS-Converted.gif&#8221; _builder_version=&#8221;4.17.6&#8243; _module_preset=&#8221;default&#8221; body_text_color=&#8221;#6d0072&#8243; author_text_color=&#8221;#6d0072&#8243; position_text_color=&#8221;#6d0072&#8243; company_text_color=&#8221;#6d0072&#8243; background_color=&#8221;#f4f4f4&#8243; custom_margin=&#8221;||27px|||&#8221; hover_enabled=&#8221;0&#8243; global_colors_info=&#8221;{}&#8221; theme_builder_area=&#8221;post_content&#8221; title_text=&#8221;GRUPORBS_RGB_2CORES_POS-Converted&#8221; sticky_enabled=&#8221;0&#8243;]<\/p>\n<p>Em rela\u00e7\u00e3o ao trabalho de voc\u00eas, sinceramente n\u00e3o tenho nenhum ponto negativo a levantar. Pelo contr\u00e1rio, achei o trabalho de voc\u00eas excelente. Todos os promotores, sem exce\u00e7\u00e3o, foram maravilhosos. Alias, fizeram muito mais do que a fun\u00e7\u00e3o exigia. Sempre prestativos e simp\u00e1ticos.<\/p>\n<p>J\u00e1 havia ouvido falar bem do trabalho de voc\u00eas e com a Expointer pude comprovar a qualidade.<\/p>\n<p>Com certeza, iremos trabalhar juntos novamente.<\/p>\n<p>Adorei ter conhecido voc\u00eas!<\/p>\n<p>[\/et_pb_testimonial][\/et_pb_column][\/et_pb_row][\/et_pb_section]<\/p>\n","protected":false},"excerpt":{"rendered":"<p>O que dizem os clientes da One Ag\u00eancia!Confira abaixo depoimentos de empresas que j\u00e1 adquiriram nossos servi\u00e7os.A One Ag\u00eancia sempre se esfor\u00e7a para atender as nossas demandas com a melhor qualidade poss\u00edvel e com custos adequados. Sempre prestativos e s\u00e9rios no seu trabalho, a One \u00e9 uma \u00f3tima parceira. Eu recomendo a ag\u00eancia para os [&hellip;]<\/p>\n","protected":false},"author":1,"featured_media":0,"parent":0,"menu_order":0,"comment_status":"closed","ping_status":"closed","template":"","meta":{"_et_pb_use_builder":"on","_et_pb_old_content":"O que dizem os clientes da One Ag\u00eancia!\r\nConfira abaixo depoimentos de empresas que j\u00e1 adquiriram nossos servi\u00e7os.\r\n\r\n&nbsp;\r\n<strong>Rafael Perillo | Trade Marketing - Leisure Supervisor -\u00a0Jti\r\n<\/strong>[box]\r\n\r\nFoi incr\u00edvel...Voc\u00eas me surpreenderam muito, foi considerada a melhor festa de inaugura\u00e7\u00e3o da hist\u00f3ria da JTI Brasil ....Sinceramente, parab\u00e9ns! Voc\u00eas s\u00e3o incr\u00edveis.\r\n\r\n[\/box]\r\n\r\n&nbsp;\r\n\r\n<strong>Ana Paula\u00a0| Philip Morris Brasil<\/strong>\r\n[box]\r\n\r\nA One Ag\u00eancia sempre se esfor\u00e7a para atender as nossas demandas com a melhor qualidade poss\u00edvel e com custos adequados. Sempre prestativos e s\u00e9rios no seu trabalho, a One \u00e9 uma \u00f3tima parceira. Eu recomendo a ag\u00eancia para os clientes que desejam obter sucesso nas suas a\u00e7\u00f5es.\r\n\r\n[\/box]\r\n\r\n&nbsp;\r\n\r\n<strong>Ana Elisa Mello\u00a0| MCL - PROMO<\/strong>\r\n[box]\r\n\r\n....n\u00e3o tenho nada para reclamar do seu atendimento, pelo contr\u00e1rio vc \u00e9 mais que um parceiro....sempre fui muito bem atendida e em todas as a\u00e7\u00f5es de PMB voc\u00ea sempre mandou muito bem.\r\n\r\n[\/box]\r\n\r\n&nbsp;\r\n\r\n<strong>Lilia Mariano\u00a0|\u00a0MCL - PROMO<\/strong>\r\n[box]\r\n\r\nO seu atendimento \u00e9 \u00f3timo e o retorno das informa\u00e7\u00f5es tamb\u00e9m \u00e9 muito r\u00e1pido.\r\n\r\nDe resto s\u00f3 tenho a agradecer.\r\n\r\n[\/box]\r\n\r\n&nbsp;\r\n\r\n<strong>Cadu Santos\u00a0|\u00a0SUPER PRODU\u00c7\u00d5ES- Cordenador<\/strong>\r\n[box]\r\n\r\nTrabalho com a One desde o seu surgimento em 2009, e s\u00f3 tenho a agradecer pela agilidade e compet\u00eancia nos servi\u00e7os prestados.\r\nMesmo solicitando servi\u00e7os de ultima hora ou at\u00e9 mesmo de madrugada, sempre fui bem atendido, como se tivesse solicitado os servi\u00e7os com folga no prazo.\r\n\r\nSempre que me pedem indica\u00e7\u00e3o para realiza\u00e7\u00e3o de trabalhos no Sul, em especial em POA, indico sem medo a ONE.\r\n\r\nCasting, atendimento, servi\u00e7os e execu\u00e7\u00e3o dos trabalhos com excel\u00eancia.\r\n\r\nObrigado por tudo e que continuemos nesta parceria por muito tempo ainda.\r\n\r\n[\/box]\r\n\r\n&nbsp;\r\n\r\n<strong>Samanta Tavares\u00a0| DRIMIO - Marketing<\/strong>\r\n[box]\r\n\r\nQue \u00f3timo! O atendimento foi excelente, j\u00e1 est\u00e3o na lista de meus fornecedores do RS.\r\n\r\n[\/box]\r\n\r\n&nbsp;\r\n\r\n<strong>Anna Luiza Gottschall\u00a0|\u00a0PHILIP MORRIS - Recursos Humanos<\/strong>\r\n[box]\r\n\r\n... Gostaria de te agradecer pelo trabalho, fiquei muito satisfeita com a festa, assim como o Robson. A tua disponibilidade, preocupa\u00e7\u00e3o, cuidado e proatividade nos ajudaram muito. Ressalto os pontos positivos pois realmente fiquei muito satisfeita com o teu trabalho. Para o pr\u00f3ximo ano quero iniciar as prepara\u00e7\u00f5es mais cedo, esse \u00e9 um ponto que deve ser diferente, mas n\u00e3o impacta o trabalho que fizeste e sim o meu planejamento para iniciar os preparativos para a festa...\r\n\r\n<span style=\"line-height: 1.5;\">[\/box]<\/span>\r\n\r\n&nbsp;\r\n\r\n<strong>Alexandre Kang\u00a0|\u00a0PHILIP MORRIS - Recursos Humanos<\/strong>\r\n[box]\r\n\r\nNo geral achei o trabalho de voc\u00eas de \u00f3tima qualidade. A estrutura e equipe que nos foi disponibilizada, a entrega de praticamente tudo que foi solicitado por n\u00f3s, com qualidade e dentro do prazo. Tanto nas regionais em que estivemos presentes quanto nas que foram monitoradas pelo restante da ag\u00eancia, baseado no feedback do pessoal das regionais, o resultado foi muito bom.\r\n\r\nRealmente ficamos muito satisfeitos, superando nossa expectativa.\r\n\r\n[\/box]\r\n\r\n&nbsp;\r\n\r\n<strong>Joice Trindade\u00a0|\u00a0Grupo RBS - Diretora de Eventos<\/strong>\r\n[box]\r\n\r\nEm rela\u00e7\u00e3o ao trabalho de voc\u00eas, sinceramente n\u00e3o tenho nenhum ponto negativo a levantar. Pelo contr\u00e1rio, achei o trabalho de voc\u00eas excelente. Todos os promotores, sem exce\u00e7\u00e3o, foram maravilhosos. Alias, fizeram muito mais do que a fun\u00e7\u00e3o exigia. Sempre prestativos e simp\u00e1ticos.\r\n\r\nJ\u00e1 havia ouvido falar bem do trabalho de voc\u00eas e com a Expointer pude comprovar a qualidade.\r\n\r\nCom certeza, iremos trabalhar juntos novamente.\r\n\r\nAdorei ter conhecido voc\u00eas!\r\n\r\n[\/box]\r\n\r\n&nbsp;\r\n\r\n<strong>Alexandra B\u00e9llo Mendon\u00e7a\u00a0|\u00a0Cordenadora de Marketing - Canal Rural\/Grupo RBS<\/strong>\r\n[box]\r\n\r\nAcho que este ano foi o melhor de todos, sabe? Apesar da correria (minha, principalmente), senti que a equipe sabia mais ou menos tudo j\u00e1, super atenciosa, educada, conhecia as pessoas, o Diego foi \u00f3timo quando tu n\u00e3o estava, o outro menino tamb\u00e9m, fiquei muito satisfeita.\r\n\r\nEu que agrade\u00e7o por todo o apoio e espero mais um ano juntos.\r\n\r\n[\/box]\r\n\r\n&nbsp;\r\n\r\n<strong>Meire Placa\u00a0|\u00a0MCL - PROMO\r\n<\/strong>[box]\r\n\r\nMinha refer\u00eancia ai \u00e9 voc\u00ea...Que sempre atendeu a MCL muito bem.<strong>\r\n<\/strong>\r\n[\/box]","_et_gb_content_width":"","footnotes":""},"class_list":["post-6","page","type-page","status-publish","hentry"],"_links":{"self":[{"href":"https:\/\/www.oneagencia.com.br\/one\/wp-json\/wp\/v2\/pages\/6","targetHints":{"allow":["GET"]}}],"collection":[{"href":"https:\/\/www.oneagencia.com.br\/one\/wp-json\/wp\/v2\/pages"}],"about":[{"href":"https:\/\/www.oneagencia.com.br\/one\/wp-json\/wp\/v2\/types\/page"}],"author":[{"embeddable":true,"href":"https:\/\/www.oneagencia.com.br\/one\/wp-json\/wp\/v2\/users\/1"}],"replies":[{"embeddable":true,"href":"https:\/\/www.oneagencia.com.br\/one\/wp-json\/wp\/v2\/comments?post=6"}],"version-history":[{"count":29,"href":"https:\/\/www.oneagencia.com.br\/one\/wp-json\/wp\/v2\/pages\/6\/revisions"}],"predecessor-version":[{"id":648,"href":"https:\/\/www.oneagencia.com.br\/one\/wp-json\/wp\/v2\/pages\/6\/revisions\/648"}],"wp:attachment":[{"href":"https:\/\/www.oneagencia.com.br\/one\/wp-json\/wp\/v2\/media?parent=6"}],"curies":[{"name":"wp","href":"https:\/\/api.w.org\/{rel}","templated":true}]}}