{"id":64,"date":"2016-01-21T16:59:52","date_gmt":"2016-01-21T16:59:52","guid":{"rendered":"http:\/\/www.oneagencia.com.br\/one\/?page_id=64"},"modified":"2022-08-04T22:19:50","modified_gmt":"2022-08-04T22:19:50","slug":"servicos","status":"publish","type":"page","link":"https:\/\/www.oneagencia.com.br\/one\/servicos\/","title":{"rendered":"Servi\u00e7os"},"content":{"rendered":"<p>[et_pb_section fb_built=&#8221;1&#8243; _builder_version=&#8221;4.17.6&#8243; _module_preset=&#8221;default&#8221; background_color=&#8221;#f9f9f9&#8243; global_colors_info=&#8221;{}&#8221; theme_builder_area=&#8221;post_content&#8221;][et_pb_row _builder_version=&#8221;4.17.6&#8243; _module_preset=&#8221;default&#8221; global_colors_info=&#8221;{}&#8221; theme_builder_area=&#8221;post_content&#8221;][et_pb_column type=&#8221;4_4&#8243; _builder_version=&#8221;4.17.6&#8243; _module_preset=&#8221;default&#8221; global_colors_info=&#8221;{}&#8221; theme_builder_area=&#8221;post_content&#8221;][et_pb_post_title _builder_version=&#8221;4.17.6&#8243; _module_preset=&#8221;default&#8221; theme_builder_area=&#8221;post_content&#8221; hover_enabled=&#8221;0&#8243; sticky_enabled=&#8221;0&#8243; title_font=&#8221;Archivo Narrow|600|||||||&#8221; meta=&#8221;off&#8221; featured_image=&#8221;off&#8221; title_font_size=&#8221;32px&#8221; title_text_color=&#8221;#82008f&#8221;][\/et_pb_post_title][et_pb_text _builder_version=&#8221;4.17.6&#8243; _module_preset=&#8221;default&#8221; text_text_color=&#8221;#82008f&#8221; text_font_size=&#8221;16px&#8221; custom_margin=&#8221;||17px|||&#8221; hover_enabled=&#8221;0&#8243; global_colors_info=&#8221;{}&#8221; theme_builder_area=&#8221;post_content&#8221; sticky_enabled=&#8221;0&#8243;]<\/p>\n<p><span>A One Ag\u00eancia oferece servi\u00e7os que v\u00e3o desde a concep\u00e7\u00e3o, passando pelo planejamento e chegando \u00e0 opera\u00e7\u00e3o. Somos pessoas de a\u00e7\u00e3o e cuidamos para que tudo de certo onde mais importa, na execu\u00e7\u00e3o.<\/span><\/p>\n<p><span>Na ponta, cuidamos do casting, da gest\u00e3o de fornecedores, coordenamos e supervisionamos todas as a\u00e7\u00f5es.<\/span><\/p>\n<p>[\/et_pb_text][\/et_pb_column][\/et_pb_row][\/et_pb_section][et_pb_section fb_built=&#8221;1&#8243; _builder_version=&#8221;4.17.6&#8243; _module_preset=&#8221;default&#8221; background_color=&#8221;#6d0072&#8243; custom_padding=&#8221;69px|||||&#8221; hover_enabled=&#8221;0&#8243; global_colors_info=&#8221;{}&#8221; theme_builder_area=&#8221;post_content&#8221; sticky_enabled=&#8221;0&#8243;][et_pb_row _builder_version=&#8221;4.17.6&#8243; _module_preset=&#8221;default&#8221; global_colors_info=&#8221;{}&#8221; theme_builder_area=&#8221;post_content&#8221;][et_pb_column type=&#8221;4_4&#8243; _builder_version=&#8221;4.17.6&#8243; _module_preset=&#8221;default&#8221; global_colors_info=&#8221;{}&#8221; theme_builder_area=&#8221;post_content&#8221;][et_pb_text _builder_version=&#8221;4.17.6&#8243; _module_preset=&#8221;default&#8221; text_font=&#8221;Archivo Narrow|700|||||||&#8221; text_text_color=&#8221;#ffffff&#8221; text_font_size=&#8221;32px&#8221; custom_margin=&#8221;||15px|||&#8221; hover_enabled=&#8221;0&#8243; global_colors_info=&#8221;{}&#8221; theme_builder_area=&#8221;post_content&#8221; sticky_enabled=&#8221;0&#8243;]<\/p>\n<p>Do que voc\u00ea precisa?<\/p>\n<p>[\/et_pb_text][et_pb_text _builder_version=&#8221;4.17.6&#8243; _module_preset=&#8221;default&#8221; text_text_color=&#8221;#FFFFFF&#8221; text_font_size=&#8221;16px&#8221; custom_margin=&#8221;||17px|||&#8221; hover_enabled=&#8221;0&#8243; global_colors_info=&#8221;{}&#8221; theme_builder_area=&#8221;post_content&#8221; sticky_enabled=&#8221;0&#8243;]<\/p>\n<p><span>Veja aqui, quais s\u00e3o os tipos de a\u00e7\u00f5es que a One Ag\u00eancia oferece.<\/span><\/p>\n<p>[\/et_pb_text][\/et_pb_column][\/et_pb_row][et_pb_row column_structure=&#8221;1_2,1_2&#8243; _builder_version=&#8221;4.17.6&#8243; _module_preset=&#8221;default&#8221; hover_enabled=&#8221;0&#8243; global_colors_info=&#8221;{}&#8221; theme_builder_area=&#8221;post_content&#8221; use_custom_gutter=&#8221;on&#8221; gutter_width=&#8221;2&#8243; sticky_enabled=&#8221;0&#8243; custom_padding=&#8221;0px||30px||false|false&#8221; custom_margin=&#8221;0px||||false|false&#8221;][et_pb_column type=&#8221;1_2&#8243; _builder_version=&#8221;4.17.6&#8243; _module_preset=&#8221;default&#8221; hover_enabled=&#8221;0&#8243; global_colors_info=&#8221;{}&#8221; theme_builder_area=&#8221;post_content&#8221; link_option_url=&#8221;https:\/\/www.oneagencia.com.br\/one\/festas\/&#8221; sticky_enabled=&#8221;0&#8243;][et_pb_cta title=&#8221;Festas &#038; Eventos&#8221; _builder_version=&#8221;4.17.6&#8243; _module_preset=&#8221;default&#8221; theme_builder_area=&#8221;post_content&#8221; background_color=&#8221;rgba(112,0,122,0.54)&#8221; title_text=&#8221;eventos41&#8243; background_image=&#8221;https:\/\/www.oneagencia.com.br\/one\/wp-content\/uploads\/2016\/01\/eventos41.jpg&#8221; hover_enabled=&#8221;0&#8243; sticky_enabled=&#8221;0&#8243; custom_margin=&#8221;0px||0px||false|false&#8221; custom_padding=&#8221;260px||0px||false|false&#8221; header_font=&#8221;Archivo Narrow|600|||||||&#8221; header_font_size=&#8221;44px&#8221; header_text_shadow_style=&#8221;preset1&#8243; body_font=&#8221;||||||||&#8221; body_font_size=&#8221;16px&#8221; min_height=&#8221;350px&#8221; max_height=&#8221;600px&#8221; min_height_last_edited=&#8221;off|phone&#8221; min_height_tablet=&#8221;500px&#8221; min_height_phone=&#8221;500px&#8221; background_blend=&#8221;soft-light&#8221;][\/et_pb_cta][et_pb_cta _builder_version=&#8221;4.17.6&#8243; _module_preset=&#8221;default&#8221; theme_builder_area=&#8221;post_content&#8221; background_color=&#8221;#520054&#8243; title_text=&#8221;eventos41&#8243; hover_enabled=&#8221;0&#8243; sticky_enabled=&#8221;0&#8243; custom_margin=&#8221;0px||0px||false|false&#8221; custom_padding=&#8221;25px||10px||false|false&#8221; header_font=&#8221;Archivo Narrow|600|||||||&#8221; header_font_size=&#8221;44px&#8221; header_text_shadow_style=&#8221;preset1&#8243; body_font=&#8221;||||||||&#8221; body_font_size=&#8221;16px&#8221; min_height=&#8221;175px&#8221; min_height_last_edited=&#8221;on|desktop&#8221; min_height_tablet=&#8221;0px&#8221; min_height_phone=&#8221;0px&#8221; background_blend=&#8221;soft-light&#8221; background_enable_image=&#8221;off&#8221;]<\/p>\n<p><span>Organizamos eventos para lan\u00e7amentos de produtos, desfiles, conven\u00e7\u00f5es da empresa ou de franquiados, congressos e outras a\u00e7\u00f5es corporativas. Tamb\u00e9m organizamos eventos com foco em comemora\u00e7\u00f5es e divers\u00e3o para seus clientes ou colaboradores.<\/span><\/p>\n<p>[\/et_pb_cta][\/et_pb_column][et_pb_column type=&#8221;1_2&#8243; _builder_version=&#8221;4.17.6&#8243; _module_preset=&#8221;default&#8221; hover_enabled=&#8221;0&#8243; global_colors_info=&#8221;{}&#8221; theme_builder_area=&#8221;post_content&#8221; link_option_url=&#8221;https:\/\/www.oneagencia.com.br\/one\/campanhas\/&#8221; sticky_enabled=&#8221;0&#8243;][et_pb_cta title=&#8221;Campanhas&#8221; _builder_version=&#8221;4.17.6&#8243; _module_preset=&#8221;default&#8221; theme_builder_area=&#8221;post_content&#8221; background_color=&#8221;rgba(112,0,122,0.17)&#8221; title_text=&#8221;campanhas38&#8243; background_image=&#8221;https:\/\/www.oneagencia.com.br\/one\/wp-content\/uploads\/2016\/01\/campanhas38.jpg&#8221; hover_enabled=&#8221;0&#8243; sticky_enabled=&#8221;0&#8243; custom_margin=&#8221;0px||0px||false|false&#8221; custom_padding=&#8221;260px||0px||false|false&#8221; header_font=&#8221;Archivo Narrow|600|||||||&#8221; header_font_size=&#8221;44px&#8221; header_text_shadow_style=&#8221;preset1&#8243; body_font=&#8221;||||||||&#8221; body_font_size=&#8221;16px&#8221; min_height=&#8221;350px&#8221; max_height=&#8221;600px&#8221; min_height_last_edited=&#8221;off|phone&#8221; min_height_tablet=&#8221;500px&#8221; min_height_phone=&#8221;500px&#8221; background_blend=&#8221;soft-light&#8221;][\/et_pb_cta][et_pb_cta _builder_version=&#8221;4.17.6&#8243; _module_preset=&#8221;default&#8221; theme_builder_area=&#8221;post_content&#8221; background_color=&#8221;#520054&#8243; title_text=&#8221;eventos41&#8243; hover_enabled=&#8221;0&#8243; sticky_enabled=&#8221;0&#8243; custom_margin=&#8221;0px||-11px||false|false&#8221; custom_padding=&#8221;25px||10px||false|false&#8221; header_font=&#8221;Archivo Narrow|600|||||||&#8221; header_font_size=&#8221;44px&#8221; header_text_shadow_style=&#8221;preset1&#8243; body_font=&#8221;||||||||&#8221; body_font_size=&#8221;16px&#8221; min_height=&#8221;175px&#8221; min_height_last_edited=&#8221;on|desktop&#8221; min_height_tablet=&#8221;0px&#8221; min_height_phone=&#8221;0px&#8221; background_blend=&#8221;soft-light&#8221; background_enable_image=&#8221;off&#8221;]<\/p>\n<p><span>Desenvolvemos a\u00e7\u00f5es planejadas e estruturadas com dura\u00e7\u00e3o e abrang\u00eancia geogr\u00e1fica variada para promo\u00e7\u00e3o da sua marca ou de seu produto.<\/span><\/p>\n<p>[\/et_pb_cta][\/et_pb_column][\/et_pb_row][et_pb_row column_structure=&#8221;1_2,1_2&#8243; _builder_version=&#8221;4.17.6&#8243; _module_preset=&#8221;default&#8221; hover_enabled=&#8221;0&#8243; global_colors_info=&#8221;{}&#8221; theme_builder_area=&#8221;post_content&#8221; use_custom_gutter=&#8221;on&#8221; gutter_width=&#8221;2&#8243; sticky_enabled=&#8221;0&#8243; custom_padding=&#8221;0px||30px||false|false&#8221; custom_margin=&#8221;0px||||false|false&#8221;][et_pb_column type=&#8221;1_2&#8243; _builder_version=&#8221;4.17.6&#8243; _module_preset=&#8221;default&#8221; hover_enabled=&#8221;0&#8243; global_colors_info=&#8221;{}&#8221; theme_builder_area=&#8221;post_content&#8221; link_option_url=&#8221;https:\/\/www.oneagencia.com.br\/one\/acoes-promocionais\/&#8221; sticky_enabled=&#8221;0&#8243;][et_pb_cta title=&#8221;A\u00e7\u00f5es Promocionais&#8221; _builder_version=&#8221;4.17.6&#8243; _module_preset=&#8221;default&#8221; theme_builder_area=&#8221;post_content&#8221; background_color=&#8221;rgba(112,0,122,0.25)&#8221; title_text=&#8221;02 a\u00e7\u00e3o&#8221; background_image=&#8221;https:\/\/www.oneagencia.com.br\/one\/wp-content\/uploads\/2016\/01\/02-a\u00e7\u00e3o.jpg&#8221; hover_enabled=&#8221;0&#8243; sticky_enabled=&#8221;0&#8243; custom_margin=&#8221;0px||0px||false|false&#8221; custom_padding=&#8221;260px||0px||false|false&#8221; header_font=&#8221;Archivo Narrow|600|||||||&#8221; header_font_size=&#8221;44px&#8221; header_text_shadow_style=&#8221;preset1&#8243; body_font=&#8221;||||||||&#8221; body_font_size=&#8221;16px&#8221; min_height=&#8221;350px&#8221; max_height=&#8221;600px&#8221; min_height_last_edited=&#8221;off|phone&#8221; min_height_tablet=&#8221;500px&#8221; min_height_phone=&#8221;500px&#8221; background_blend=&#8221;soft-light&#8221;][\/et_pb_cta][et_pb_cta _builder_version=&#8221;4.17.6&#8243; _module_preset=&#8221;default&#8221; theme_builder_area=&#8221;post_content&#8221; background_color=&#8221;#520054&#8243; title_text=&#8221;eventos41&#8243; hover_enabled=&#8221;0&#8243; sticky_enabled=&#8221;0&#8243; custom_margin=&#8221;0px||0px||false|false&#8221; custom_padding=&#8221;25px||10px||false|false&#8221; header_font=&#8221;Archivo Narrow|600|||||||&#8221; header_font_size=&#8221;44px&#8221; header_text_shadow_style=&#8221;preset1&#8243; body_font=&#8221;||||||||&#8221; body_font_size=&#8221;16px&#8221; min_height=&#8221;175px&#8221; min_height_last_edited=&#8221;on|desktop&#8221; min_height_tablet=&#8221;0px&#8221; min_height_phone=&#8221;0px&#8221; background_blend=&#8221;soft-light&#8221; background_enable_image=&#8221;off&#8221;]<\/p>\n<p><span>Tamb\u00e9m oferecemos a possibilidade da contrata\u00e7\u00e3o de a\u00e7\u00f5es pontuais, com dura\u00e7\u00e3o e abrang\u00eancia geogr\u00e1fica definida para promo\u00e7\u00e3o da sua marca ou do seu produto.<\/span><\/p>\n<p>[\/et_pb_cta][\/et_pb_column][et_pb_column type=&#8221;1_2&#8243; _builder_version=&#8221;4.17.6&#8243; _module_preset=&#8221;default&#8221; hover_enabled=&#8221;0&#8243; global_colors_info=&#8221;{}&#8221; theme_builder_area=&#8221;post_content&#8221; link_option_url=&#8221;https:\/\/www.oneagencia.com.br\/one\/desfiles\/&#8221; sticky_enabled=&#8221;0&#8243;][et_pb_cta title=&#8221;Cliente Oculto &#038; Auditoria&#8221; _builder_version=&#8221;4.17.6&#8243; _module_preset=&#8221;default&#8221; theme_builder_area=&#8221;post_content&#8221; background_color=&#8221;rgba(112,0,122,0.13)&#8221; title_text=&#8221;o-que-e-cliente-oculto-930&#215;620&#8243; background_image=&#8221;https:\/\/www.oneagencia.com.br\/one\/wp-content\/uploads\/2022\/08\/o-que-e-cliente-oculto-930&#215;620-1.jpg&#8221; hover_enabled=&#8221;0&#8243; sticky_enabled=&#8221;0&#8243; custom_margin=&#8221;0px||0px||false|false&#8221; custom_padding=&#8221;260px||0px||false|false&#8221; header_font=&#8221;Archivo Narrow|600|||||||&#8221; header_font_size=&#8221;44px&#8221; header_text_shadow_style=&#8221;preset1&#8243; body_font=&#8221;||||||||&#8221; body_font_size=&#8221;16px&#8221; min_height=&#8221;350px&#8221; max_height=&#8221;600px&#8221; min_height_last_edited=&#8221;off|phone&#8221; min_height_tablet=&#8221;500px&#8221; min_height_phone=&#8221;500px&#8221; background_blend=&#8221;soft-light&#8221;][\/et_pb_cta][et_pb_cta _builder_version=&#8221;4.17.6&#8243; _module_preset=&#8221;default&#8221; theme_builder_area=&#8221;post_content&#8221; background_color=&#8221;#520054&#8243; title_text=&#8221;eventos41&#8243; hover_enabled=&#8221;0&#8243; sticky_enabled=&#8221;0&#8243; custom_margin=&#8221;0px||0px||false|false&#8221; custom_padding=&#8221;25px||10px||false|false&#8221; header_font=&#8221;Archivo Narrow|600|||||||&#8221; header_font_size=&#8221;44px&#8221; header_text_shadow_style=&#8221;preset1&#8243; body_font=&#8221;||||||||&#8221; body_font_size=&#8221;16px&#8221; min_height=&#8221;175px&#8221; min_height_last_edited=&#8221;on|desktop&#8221; min_height_tablet=&#8221;0px&#8221; min_height_phone=&#8221;0px&#8221; background_blend=&#8221;soft-light&#8221; background_enable_image=&#8221;off&#8221;]<\/p>\n<p><span>Caso precise, nos passamos por clientes e lhe dizemos em primeira m\u00e3o qual a experi\u00eancia real que eles est\u00e3o vivendo em suas lojas ou nas lojas de seus franquiados.<\/span><\/p>\n<p>[\/et_pb_cta][\/et_pb_column][\/et_pb_row][\/et_pb_section]<\/p>\n","protected":false},"excerpt":{"rendered":"<p>A One Ag\u00eancia oferece servi\u00e7os que v\u00e3o desde a concep\u00e7\u00e3o, passando pelo planejamento e chegando \u00e0 opera\u00e7\u00e3o. Somos pessoas de a\u00e7\u00e3o e cuidamos para que tudo de certo onde mais importa, na execu\u00e7\u00e3o. Na ponta, cuidamos do casting, da gest\u00e3o de fornecedores, coordenamos e supervisionamos todas as a\u00e7\u00f5es.Do que voc\u00ea precisa?Veja aqui, quais s\u00e3o os [&hellip;]<\/p>\n","protected":false},"author":1,"featured_media":0,"parent":0,"menu_order":0,"comment_status":"closed","ping_status":"closed","template":"","meta":{"_et_pb_use_builder":"on","_et_pb_old_content":"Profissionais com mais de 15 anos de Know-How nas mais variadas e inusitadas a\u00e7\u00f5es promocionais por todo Brasil, embasam o trabalho da ONE nos mais diversos projetos.\n\nPDV, Blitz, A\u00e7\u00f5es Promocionais, Recep\u00e7\u00f5es, Festas, Desfiles, Produ\u00e7\u00e3o, Clientes ocultos e Auditorias. Casting reconhecido pela beleza e profissionalismo , estrutura com dep\u00f3sito e salas de treinamento.\n\n[button link=\"http:\/\/www.oneagencia.com.br\/one\/wp-content\/uploads\/2016\/01\/cadastro_one.xls\" color=\"silver\"] FA\u00c7A SEU CADASTRO CONOSCO[\/button]","_et_gb_content_width":"","footnotes":""},"class_list":["post-64","page","type-page","status-publish","hentry"],"_links":{"self":[{"href":"https:\/\/www.oneagencia.com.br\/one\/wp-json\/wp\/v2\/pages\/64","targetHints":{"allow":["GET"]}}],"collection":[{"href":"https:\/\/www.oneagencia.com.br\/one\/wp-json\/wp\/v2\/pages"}],"about":[{"href":"https:\/\/www.oneagencia.com.br\/one\/wp-json\/wp\/v2\/types\/page"}],"author":[{"embeddable":true,"href":"https:\/\/www.oneagencia.com.br\/one\/wp-json\/wp\/v2\/users\/1"}],"replies":[{"embeddable":true,"href":"https:\/\/www.oneagencia.com.br\/one\/wp-json\/wp\/v2\/comments?post=64"}],"version-history":[{"count":12,"href":"https:\/\/www.oneagencia.com.br\/one\/wp-json\/wp\/v2\/pages\/64\/revisions"}],"predecessor-version":[{"id":630,"href":"https:\/\/www.oneagencia.com.br\/one\/wp-json\/wp\/v2\/pages\/64\/revisions\/630"}],"wp:attachment":[{"href":"https:\/\/www.oneagencia.com.br\/one\/wp-json\/wp\/v2\/media?parent=64"}],"curies":[{"name":"wp","href":"https:\/\/api.w.org\/{rel}","templated":true}]}}