{"id":8,"date":"2015-12-09T12:33:56","date_gmt":"2015-12-09T12:33:56","guid":{"rendered":"http:\/\/www.oneagencia.com.br\/one\/?page_id=8"},"modified":"2019-08-12T18:04:27","modified_gmt":"2019-08-12T18:04:27","slug":"contato","status":"publish","type":"page","link":"https:\/\/www.oneagencia.com.br\/one\/contato\/","title":{"rendered":"Contato"},"content":{"rendered":"<p>Entre em contato conosco, estaremos a disposi\u00e7\u00e3o para atend\u00ea-lo.<\/p>\n<p><img loading=\"lazy\" decoding=\"async\" class=\"alignnone wp-image-533\" style=\"margin-bottom: -7px;\" src=\"https:\/\/www.oneagencia.com.br\/one\/wp-content\/uploads\/2015\/12\/icon-brasil.png\" alt=\"icon-brasil\" width=\"34\" height=\"24\" \/>\u00a0Brasil &#8211; Rio Grande do Sul &#8211; Porto Alegre<br \/>\nTel +55 51 98116.9431\u00a0<a href=\"https:\/\/api.whatsapp.com\/send?phone=5551981169431&amp;text=Contato%20via%20Site!\" target=\"_blank\"><img loading=\"lazy\" decoding=\"async\" class=\"alignnone size-full wp-image-437\" src=\"http:\/\/www.oneagencia.com.br\/one\/wp-content\/uploads\/2015\/12\/whatsapp-logo-icone.png\" alt=\"whatsapp-logo-icone\" width=\"25\" height=\"26\" \/><\/a><\/p>\n<p><img loading=\"lazy\" decoding=\"async\" class=\"alignnone size-full wp-image-534\" style=\"margin-bottom: -5px;\" src=\"https:\/\/www.oneagencia.com.br\/one\/wp-content\/uploads\/2015\/12\/icon-portugal.png\" alt=\"icon-portugal\" width=\"34\" height=\"24\" \/>\u00a0Portugal &#8211; Leiria &#8211; Caldas da Rainha<br \/>\nTel +351 91412.8531 \u00a0<a href=\"https:\/\/api.whatsapp.com\/send?phone=351914128531&amp;text=Contato%20via%20Site!\" target=\"_blank\"><img loading=\"lazy\" decoding=\"async\" class=\"alignnone size-full wp-image-437\" src=\"http:\/\/www.oneagencia.com.br\/one\/wp-content\/uploads\/2015\/12\/whatsapp-logo-icone.png\" alt=\"whatsapp-logo-icone\" width=\"25\" height=\"26\" \/><\/a><\/p>\n<p><a href=\"https:\/\/www.facebook.com\/oneagencia\/\" target=\"_blank\"><img loading=\"lazy\" decoding=\"async\" class=\"alignnone size-full wp-image-545\" style=\"margin-bottom: -12px;\" src=\"https:\/\/www.oneagencia.com.br\/one\/wp-content\/uploads\/2015\/12\/facebook_messanger.png\" alt=\"facebook_messanger\" width=\"40\" height=\"39\" \/>\u00a0<strong><span style=\"color: #4667a9;\">Siga-nos!<\/p>\n<p><\/span><\/strong><\/a><br \/>\n<a href=\"mailto:carlo@oneagencia.com.br\"><img loading=\"lazy\" decoding=\"async\" class=\"alignnone size-full wp-image-574\" src=\"https:\/\/www.oneagencia.com.br\/one\/wp-content\/uploads\/2015\/12\/carlo1.png\" alt=\"carlo\" width=\"230\" height=\"190\" \/><br \/>\n<\/a><br \/>\nEnvie um e-mail para\u00a0<strong><a href=\"mailto:carlo@oneagencia.com.br\">carlo@oneagencia.com.br<\/a><\/strong>\u00a0ou se preferir utilize o formul\u00e1rio abaixo.<\/p>\n\n<div class=\"wpcf7 no-js\" id=\"wpcf7-f383-o1\" lang=\"pt-BR\" dir=\"ltr\" data-wpcf7-id=\"383\">\n<div class=\"screen-reader-response\"><p role=\"status\" aria-live=\"polite\" aria-atomic=\"true\"><\/p> <ul><\/ul><\/div>\n<form action=\"\/one\/wp-json\/wp\/v2\/pages\/8#wpcf7-f383-o1\" method=\"post\" class=\"wpcf7-form init\" aria-label=\"Formul\u00e1rios de contato\" novalidate=\"novalidate\" data-status=\"init\">\n<fieldset class=\"hidden-fields-container\"><input type=\"hidden\" name=\"_wpcf7\" value=\"383\" \/><input type=\"hidden\" name=\"_wpcf7_version\" value=\"6.1.5\" \/><input type=\"hidden\" name=\"_wpcf7_locale\" value=\"pt_BR\" \/><input type=\"hidden\" name=\"_wpcf7_unit_tag\" value=\"wpcf7-f383-o1\" \/><input type=\"hidden\" name=\"_wpcf7_container_post\" value=\"0\" \/><input type=\"hidden\" name=\"_wpcf7_posted_data_hash\" value=\"\" \/>\n<\/fieldset>\n<p>Nome:<br \/>\n<span class=\"wpcf7-form-control-wrap\" data-name=\"nome\"><input size=\"40\" maxlength=\"400\" class=\"wpcf7-form-control wpcf7-text wpcf7-validates-as-required\" id=\"nome\" aria-required=\"true\" aria-invalid=\"false\" value=\"\" type=\"text\" name=\"nome\" \/><\/span>\n<\/p>\n<p>E-mail:<br \/>\n<span class=\"wpcf7-form-control-wrap\" data-name=\"email\"><input size=\"40\" maxlength=\"400\" class=\"wpcf7-form-control wpcf7-email wpcf7-validates-as-required wpcf7-text wpcf7-validates-as-email\" aria-required=\"true\" aria-invalid=\"false\" value=\"\" type=\"email\" name=\"email\" \/><\/span>\n<\/p>\n<p>Telefone:<br \/>\n<span class=\"wpcf7-form-control-wrap\" data-name=\"fone\"><input size=\"40\" maxlength=\"400\" class=\"wpcf7-form-control wpcf7-text wpcf7-validates-as-required\" id=\"fone\" aria-required=\"true\" aria-invalid=\"false\" value=\"\" type=\"text\" name=\"fone\" \/><\/span>\n<\/p>\n<p>Empresa:<br \/>\n<span class=\"wpcf7-form-control-wrap\" data-name=\"empresa\"><input size=\"40\" maxlength=\"400\" class=\"wpcf7-form-control wpcf7-text\" id=\"empresa\" aria-invalid=\"false\" value=\"\" type=\"text\" name=\"empresa\" \/><\/span>\n<\/p>\n<p>Mensagem:<br \/>\n<span class=\"wpcf7-form-control-wrap\" data-name=\"mensagem\"><textarea cols=\"40\" rows=\"4\" maxlength=\"2000\" class=\"wpcf7-form-control wpcf7-textarea\" id=\"mensagem\" aria-invalid=\"false\" name=\"mensagem\"><\/textarea><\/span>\n<\/p>\n<p><input class=\"wpcf7-form-control wpcf7-submit has-spinner\" id=\"Enviar\" type=\"submit\" value=\"Enviar mensagem\" \/>\n<\/p><div class=\"wpcf7-response-output\" aria-hidden=\"true\"><\/div>\n<\/form>\n<\/div>\n\n","protected":false},"excerpt":{"rendered":"<p>Entre em contato conosco, estaremos a disposi\u00e7\u00e3o para atend\u00ea-lo. \u00a0Brasil &#8211; Rio Grande do Sul &#8211; Porto Alegre Tel +55 51 98116.9431\u00a0 \u00a0Portugal &#8211; Leiria &#8211; Caldas da Rainha Tel +351 91412.8531 \u00a0 \u00a0Siga-nos! Envie um e-mail para\u00a0carlo@oneagencia.com.br\u00a0ou se preferir utilize o formul\u00e1rio abaixo.<\/p>\n","protected":false},"author":1,"featured_media":0,"parent":0,"menu_order":0,"comment_status":"closed","ping_status":"closed","template":"","meta":{"_et_pb_use_builder":"","_et_pb_old_content":"","_et_gb_content_width":"","footnotes":""},"class_list":["post-8","page","type-page","status-publish","hentry"],"_links":{"self":[{"href":"https:\/\/www.oneagencia.com.br\/one\/wp-json\/wp\/v2\/pages\/8","targetHints":{"allow":["GET"]}}],"collection":[{"href":"https:\/\/www.oneagencia.com.br\/one\/wp-json\/wp\/v2\/pages"}],"about":[{"href":"https:\/\/www.oneagencia.com.br\/one\/wp-json\/wp\/v2\/types\/page"}],"author":[{"embeddable":true,"href":"https:\/\/www.oneagencia.com.br\/one\/wp-json\/wp\/v2\/users\/1"}],"replies":[{"embeddable":true,"href":"https:\/\/www.oneagencia.com.br\/one\/wp-json\/wp\/v2\/comments?post=8"}],"version-history":[{"count":32,"href":"https:\/\/www.oneagencia.com.br\/one\/wp-json\/wp\/v2\/pages\/8\/revisions"}],"predecessor-version":[{"id":575,"href":"https:\/\/www.oneagencia.com.br\/one\/wp-json\/wp\/v2\/pages\/8\/revisions\/575"}],"wp:attachment":[{"href":"https:\/\/www.oneagencia.com.br\/one\/wp-json\/wp\/v2\/media?parent=8"}],"curies":[{"name":"wp","href":"https:\/\/api.w.org\/{rel}","templated":true}]}}